{"id":8474,"date":"2022-07-05T10:14:38","date_gmt":"2022-07-05T10:14:38","guid":{"rendered":"https:\/\/oliveirarego.pt\/services\/strategic-business-consulting\/"},"modified":"2022-09-23T09:48:18","modified_gmt":"2022-09-23T09:48:18","slug":"strategic-business-consulting","status":"publish","type":"page","link":"https:\/\/oliveirarego.pt\/en\/services\/strategic-business-consulting\/","title":{"rendered":"Strategic Business Consulting"},"content":{"rendered":"<p>[vc_row padding_top_multiplier=&#8221;2x&#8221; padding_bottom_multiplier=&#8221;3x&#8221; rc_bg_type=&#8221;color&#8221; rc_bg_color=&#8221;#e3e2e2&#8243;][vc_column width=&#8221;5\/6&#8243; tablet_sm_width=&#8221;1&#8243; grve_css=&#8221;{&#8220;desktop&#8220;:{&#8220;padding-bottom&#8220;:&#8220;14%&#8220;,&#8220;class&#8220;:&#8220;grve-wpb-1663161681003&#8220;}}&#8221;]<h1 class=\"grve-element grve-animated-text grve-animated-item grve-align-inherit grve-h1 grve-style-1\" data-style=\"style-1\" data-delay=\"\" data-duration=\"normal\"><span class=\"grve-animated-entry\"><span class=\"grve-line\">Strategic Business Consulting<\/span><\/span><\/h1><div class=\"grve-empty-space grve-height-1x hide-mobile\"><\/div><h2 data-animation=\"fade-in-up\" data-delay=\"400\" data-duration=\"normal\" class=\"grve-element grve-title grve-align-inherit grve-animated-item grve-h4\" style=\"margin-bottom: 30px; color: #645953;\"><span>Solutions that power your business<\/span><\/h2>[\/vc_column][vc_column width=&#8221;1\/6&#8243; tablet_sm_width=&#8221;hide&#8221; mobile_width=&#8221;hide&#8221;][\/vc_column][\/vc_row][vc_row padding_top_multiplier=&#8221;&#8221; padding_bottom_multiplier=&#8221;&#8221;][vc_column grve_css=&#8221;{&#8220;desktop&#8220;:{&#8220;margin-top&#8220;:&#8220;-14%&#8220;,&#8220;class&#8220;:&#8220;grve-wpb-1599199444770&#8220;}}&#8221;][vc_row_inner][vc_column_inner]<div class=\"grve-element grve-image grve-align-center grve-image-space-100 grve-image-expand-width\">\r\n\t<div class=\"grve-image-item\">\r\n\t\t\r\n\r\n<div class=\"grve-image-wrapper grve-no-effect\">\r\n\t\t<div class=\"grve-thumbnail-wrapper\"><div class=\"grve-thumbnail\"  style=\"padding-top: 55.573%;\"><img width=\"1920\" height=\"1067\" src=\"https:\/\/oliveirarego.pt\/wp-content\/uploads\/2022\/09\/banner-estrategia_v4-1920x1067.jpg\" class=\"attachment-impeka-grve-fullscreen size-impeka-grve-fullscreen\" alt=\"consultoria estrat\u00e9gica e de neg\u00f3cios\" data-column-space=\"100\" data-lazyload=\"off\" data-grve-filter=\"yes\" srcset=\"https:\/\/oliveirarego.pt\/wp-content\/uploads\/2022\/09\/banner-estrategia_v4-1920x1067.jpg 1920w, https:\/\/oliveirarego.pt\/wp-content\/uploads\/2022\/09\/banner-estrategia_v4-300x167.jpg 300w, https:\/\/oliveirarego.pt\/wp-content\/uploads\/2022\/09\/banner-estrategia_v4-1024x569.jpg 1024w, https:\/\/oliveirarego.pt\/wp-content\/uploads\/2022\/09\/banner-estrategia_v4-768x427.jpg 768w, https:\/\/oliveirarego.pt\/wp-content\/uploads\/2022\/09\/banner-estrategia_v4-1536x853.jpg 1536w\" sizes=\"(max-width: 1920px) 100vw, 1920px\" \/><\/div><\/div>\t<\/div>\r\n\t<\/div>\r\n<\/div>\r\n[\/vc_column_inner][\/vc_row_inner][\/vc_column][\/vc_row][vc_row padding_top_multiplier=&#8221;4x&#8221; padding_bottom_multiplier=&#8221;4x&#8221;][vc_column width=&#8221;1\/6&#8243; tablet_sm_width=&#8221;1-12&#8243;][\/vc_column][vc_column width=&#8221;7\/12&#8243; tablet_width=&#8221;2-3&#8243; tablet_sm_width=&#8221;3-4&#8243;][vc_column_text text_style=&#8221;leader-text&#8221; animation=&#8221;fade-in-up&#8221; animation_delay=&#8221;200&#8243;]Every business needs a people strategy. We can support and guide you to develop people-centered strategies to improve business results.[\/vc_column_text]<div class=\"grve-empty-space grve-height-2x\"><\/div>[\/vc_column][vc_column width=&#8221;1\/4&#8243; tablet_width=&#8221;1-6&#8243; tablet_sm_width=&#8221;1-12&#8243;][\/vc_column][\/vc_row][vc_row padding_top_multiplier=&#8221;4x&#8221; padding_bottom_multiplier=&#8221;4x&#8221; rc_heading_color=&#8221;white&#8221; rc_bg_type=&#8221;color&#8221; scroll_header_skin=&#8221;light&#8221; rc_font_color=&#8221;#ffffff&#8221; rc_bg_color=&#8221;#000000&#8243;][vc_column width=&#8221;1\/6&#8243;][\/vc_column][vc_column width=&#8221;2\/3&#8243;]<h3 class=\"grve-element grve-title grve-align-inherit grve-h4\" style=\" color: #ffffff;\"><span>Strategic Business Consulting will work with your organization to improve performance and achieve desired outcomes<\/span><\/h3>[\/vc_column][vc_column width=&#8221;1\/6&#8243;][\/vc_column][\/vc_row][vc_row padding_top_multiplier=&#8221;4x&#8221; padding_bottom_multiplier=&#8221;2x&#8221; rc_bg_type=&#8221;color&#8221; rc_bg_color=&#8221;#f6f6f6&#8243;][vc_column width=&#8221;1\/6&#8243;][\/vc_column][vc_column width=&#8221;2\/3&#8243; text_align=&#8221;center&#8221;]<h3 class=\"grve-element grve-title grve-align-inherit grve-h5\" style=\"margin-bottom: 0px;\"><span>The main services we provide<br \/>\nare the following:<\/span><\/h3><div class=\"grve-empty-space grve-height-2x\"><\/div>[vc_row_inner padding_bottom_multiplier=&#8221;1x&#8221; equal_column_height=&#8221;equal&#8221;][vc_column_inner width=&#8221;1\/2&#8243;]<div data-animation=\"fade-in-up\" data-delay=\"200\" data-duration=\"normal\" class=\"grve-element grve-box-icon grve-medium grve-top-icon grve-animated-item grve-align-center\"><div class=\"grve-wrapper-icon\" style=\"\"><span class=\"grve-box-icon fas fa-check grve-text-primary-1\"><\/span><\/div><div class=\"grve-box-content\"><h3 class=\"grve-box-title grve-h5\">Due Diligence (DD)<\/h3><p class=\"\">It is a common procedure for any type of investment or negotiation, as in an M&amp;A process or any other transaction that includes risks and involves the care that an entity must take before entering into an agreement. With DD, the parties are informed about the essential aspects of the business.<\/p><\/div><\/div>[\/vc_column_inner][vc_column_inner width=&#8221;1\/2&#8243;]<div data-animation=\"fade-in-up\" data-delay=\"400\" data-duration=\"normal\" class=\"grve-element grve-box-icon grve-medium grve-top-icon grve-animated-item grve-align-center\"><div class=\"grve-wrapper-icon\" style=\"\"><span class=\"grve-box-icon fas fa-check grve-text-primary-1\"><\/span><\/div><div class=\"grve-box-content\"><h3 class=\"grve-box-title grve-h5\">Company Valuation<\/h3><p class=\"\">We use the best practices to determine the value of a company. Our reports are independent, clear and credible and usually include market analyses through international databases.<\/p><\/div><\/div>[\/vc_column_inner][\/vc_row_inner][vc_row_inner padding_bottom_multiplier=&#8221;1x&#8221; equal_column_height=&#8221;equal&#8221;][vc_column_inner width=&#8221;1\/2&#8243;]<div data-animation=\"fade-in-up\" data-delay=\"600\" data-duration=\"normal\" class=\"grve-element grve-box-icon grve-medium grve-top-icon grve-animated-item grve-align-center\"><div class=\"grve-wrapper-icon\" style=\"\"><span class=\"grve-box-icon fas fa-check grve-text-primary-1\"><\/span><\/div><div class=\"grve-box-content\"><h3 class=\"grve-box-title grve-h5\">Business Plans<\/h3><p class=\"\">From the start-up phase or for investment or restructuring purposes.<\/p><\/div><\/div>[\/vc_column_inner][vc_column_inner width=&#8221;1\/2&#8243;]<div data-animation=\"fade-in-up\" data-delay=\"800\" data-duration=\"normal\" class=\"grve-element grve-box-icon grve-medium grve-top-icon grve-animated-item grve-align-center\"><div class=\"grve-wrapper-icon\" style=\"\"><span class=\"grve-box-icon fas fa-check grve-text-primary-1\"><\/span><\/div><div class=\"grve-box-content\"><h3 class=\"grve-box-title grve-h5\">Business solutions<\/h3><p class=\"\">Technical support on various topics, namely accounting, consolidation of accounts, funding programmes and human resources.<\/p><\/div><\/div>[\/vc_column_inner][\/vc_row_inner]<div class=\"grve-empty-space grve-height-1x\"><\/div><div data-animation=\"zoom-in\" data-delay=\"1200\" data-duration=\"normal\" class=\"grve-element grve-align-center grve-animated-item\"><a href=\"https:\/\/oliveirarego.pt\/en\/contacts\/#form\" title=\"Contacts\" class=\"grve-btn grve-square grve-bg-black grve-border-black grve-bg-hover-black grve-border-hover-black grve-pulse grve-text-white grve-text-hover-white grve-btn-medium\">\r\n\t\t<span>Request more information<\/span>\r\n\t\t\t\t\t\t\t<\/a><\/div>[\/vc_column][vc_column width=&#8221;1\/6&#8243;][\/vc_column][vc_column]<div class=\"grve-empty-space grve-height-2x\"><\/div>[\/vc_column][\/vc_row][vc_row padding_top_multiplier=&#8221;4x&#8221; padding_bottom_multiplier=&#8221;2x&#8221; mobile_columns_vertical_gap=&#8221;none&#8221;][vc_column width=&#8221;1\/4&#8243;][\/vc_column][vc_column width=&#8221;1\/2&#8243;]<h3 class=\"grve-element grve-title grve-align-center grve-h4\"><span>See more services<\/span><\/h3>[\/vc_column][vc_column width=&#8221;1\/4&#8243;][\/vc_column][\/vc_row][vc_row padding_top_multiplier=&#8221;&#8221; padding_bottom_multiplier=&#8221;4x&#8221;][vc_column width=&#8221;1\/3&#8243;]<div data-animation=\"fade-in-up\" data-delay=\"200\" data-duration=\"normal\" class=\"grve-element grve-media-box grve-align-left grve-animated-item grve-style-2\" style=\"min-height: 400px;\"><div class=\"grve-background-wrapper\"><div class=\"grve-bg-image\"   style=\"background-image: url(https:\/\/oliveirarego.pt\/wp-content\/uploads\/2022\/09\/auditoria-thumb_v2-768x550.jpg);\"><\/div><div class=\"grve-bg-overlay grve-bg-black grve-opacity-20\"><\/div><\/div><div class=\"grve-content-wrapper grve-fixed-colors grve-headings-white grve-text-white grve-link-white grve-link-hover-white grve-with-readmore\"><div class=\"grve-box-content\"><div class=\"grve-content-inner\"><a href=\"https:\/\/oliveirarego.pt\/en\/services\/audit-services\/\" title=\"Audit Services\"><h3 class=\"grve-box-title grve-h5\">Audit Services<\/h3><\/a>    <p><\/p><\/div><a href=\"https:\/\/oliveirarego.pt\/en\/services\/audit-services\/\" title=\"Audit Services\" class=\"grve-link-text grve-media-read-more\"><span>Read more<\/span><\/a>  <\/div><\/div><\/div>[\/vc_column][vc_column width=&#8221;1\/3&#8243;]<div data-animation=\"fade-in-up\" data-delay=\"300\" data-duration=\"normal\" class=\"grve-element grve-media-box grve-align-left grve-animated-item grve-style-2\" style=\"min-height: 400px;\"><div class=\"grve-background-wrapper\"><div class=\"grve-bg-image\"   style=\"background-image: url(https:\/\/oliveirarego.pt\/wp-content\/uploads\/2022\/09\/fiscalidade-thumb_v2-768x550.jpg);\"><\/div><div class=\"grve-bg-overlay grve-bg-black grve-opacity-35\"><\/div><\/div><div class=\"grve-content-wrapper grve-fixed-colors grve-headings-white grve-text-white grve-link-white grve-link-hover-white grve-with-readmore\"><div class=\"grve-box-content\"><div class=\"grve-content-inner\"><a href=\"https:\/\/oliveirarego.pt\/en\/services\/tax-services\/\" title=\"Tax Services\"><h3 class=\"grve-box-title grve-h5\">Tax Services<\/h3><\/a>    <p><\/p><\/div><a href=\"https:\/\/oliveirarego.pt\/en\/services\/tax-services\/\" title=\"Tax Services\" class=\"grve-link-text grve-media-read-more\"><span>Read more<\/span><\/a>  <\/div><\/div><\/div>[\/vc_column][vc_column width=&#8221;1\/3&#8243;]<div data-animation=\"fade-in-up\" data-delay=\"400\" data-duration=\"normal\" class=\"grve-element grve-media-box grve-align-left grve-animated-item grve-style-2\" style=\"min-height: 400px;\"><div class=\"grve-background-wrapper\"><div class=\"grve-bg-image\"   style=\"background-image: url(https:\/\/oliveirarego.pt\/wp-content\/uploads\/2022\/09\/controlo-qualidade-thumb_v3-768x550.jpg);\"><\/div><div class=\"grve-bg-overlay grve-bg-black grve-opacity-35\"><\/div><\/div><div class=\"grve-content-wrapper grve-fixed-colors grve-headings-white grve-text-white grve-link-white grve-link-hover-white grve-with-readmore\"><div class=\"grve-box-content\"><div class=\"grve-content-inner\"><a href=\"https:\/\/oliveirarego.pt\/en\/services\/internal-quality-control-system\/\" title=\"Internal Quality Control System\"><h3 class=\"grve-box-title grve-h5\">Internal Quality Control System<\/h3><\/a>    <p><\/p><\/div><a href=\"https:\/\/oliveirarego.pt\/en\/services\/internal-quality-control-system\/\" title=\"Internal Quality Control System\" class=\"grve-link-text grve-media-read-more\"><span>Read more<\/span><\/a>  <\/div><\/div><\/div>[\/vc_column][\/vc_row]<\/p>\n","protected":false},"excerpt":{"rendered":"<p>Strategic Business Consulting: Due Diligence I Avalia\u00e7\u00e3o de Empresas I Elabora\u00e7\u00e3o de Planos de Neg\u00f3cios I Business solutions<\/p>\n","protected":false},"author":1,"featured_media":0,"parent":8431,"menu_order":0,"comment_status":"closed","ping_status":"closed","template":"","meta":[],"yoast_head":"<!-- This site is optimized with the Yoast SEO plugin v19.7.1 - https:\/\/yoast.com\/wordpress\/plugins\/seo\/ -->\n<title>Strategic Business Consulting - OR\u00b7A<\/title>\n<meta name=\"description\" content=\"Strategic Business Consulting: Due Diligence I Avalia\u00e7\u00e3o de Empresas I Elabora\u00e7\u00e3o de Planos de Neg\u00f3cios I Business solutions\" \/>\n<meta name=\"robots\" content=\"index, follow, max-snippet:-1, max-image-preview:large, max-video-preview:-1\" \/>\n<link rel=\"canonical\" href=\"https:\/\/oliveirarego.pt\/en\/services\/strategic-business-consulting\/\" \/>\n<meta property=\"og:locale\" content=\"en_US\" \/>\n<meta property=\"og:type\" content=\"article\" \/>\n<meta property=\"og:title\" content=\"Strategic Business Consulting - OR\u00b7A\" \/>\n<meta property=\"og:description\" content=\"Strategic Business Consulting: Due Diligence I Avalia\u00e7\u00e3o de Empresas I Elabora\u00e7\u00e3o de Planos de Neg\u00f3cios I Business solutions\" \/>\n<meta property=\"og:url\" content=\"https:\/\/oliveirarego.pt\/en\/services\/strategic-business-consulting\/\" \/>\n<meta property=\"og:site_name\" content=\"Oliveira Rego &amp; Associados\" \/>\n<meta property=\"article:modified_time\" content=\"2022-09-23T09:48:18+00:00\" \/>\n<meta name=\"twitter:card\" content=\"summary_large_image\" \/>\n<meta name=\"twitter:label1\" content=\"Est. reading time\" \/>\n\t<meta name=\"twitter:data1\" content=\"4 minutes\" \/>\n<script type=\"application\/ld+json\" class=\"yoast-schema-graph\">{\"@context\":\"https:\/\/schema.org\",\"@graph\":[{\"@type\":\"WebPage\",\"@id\":\"https:\/\/oliveirarego.pt\/en\/services\/strategic-business-consulting\/\",\"url\":\"https:\/\/oliveirarego.pt\/en\/services\/strategic-business-consulting\/\",\"name\":\"Strategic Business Consulting - OR\u00b7A\",\"isPartOf\":{\"@id\":\"https:\/\/oliveirarego.pt\/en\/#website\"},\"datePublished\":\"2022-07-05T10:14:38+00:00\",\"dateModified\":\"2022-09-23T09:48:18+00:00\",\"description\":\"Strategic Business Consulting: Due Diligence I Avalia\u00e7\u00e3o de Empresas I Elabora\u00e7\u00e3o de Planos de Neg\u00f3cios I Business solutions\",\"breadcrumb\":{\"@id\":\"https:\/\/oliveirarego.pt\/en\/services\/strategic-business-consulting\/#breadcrumb\"},\"inLanguage\":\"en-US\",\"potentialAction\":[{\"@type\":\"ReadAction\",\"target\":[\"https:\/\/oliveirarego.pt\/en\/services\/strategic-business-consulting\/\"]}]},{\"@type\":\"BreadcrumbList\",\"@id\":\"https:\/\/oliveirarego.pt\/en\/services\/strategic-business-consulting\/#breadcrumb\",\"itemListElement\":[{\"@type\":\"ListItem\",\"position\":1,\"name\":\"In\u00edcio\",\"item\":\"https:\/\/oliveirarego.pt\/en\/\"},{\"@type\":\"ListItem\",\"position\":2,\"name\":\"Services\",\"item\":\"https:\/\/oliveirarego.pt\/en\/services\/\"},{\"@type\":\"ListItem\",\"position\":3,\"name\":\"Strategic Business Consulting\"}]},{\"@type\":\"WebSite\",\"@id\":\"https:\/\/oliveirarego.pt\/en\/#website\",\"url\":\"https:\/\/oliveirarego.pt\/en\/\",\"name\":\"Oliveira Rego &amp; Associados\",\"description\":\"Sociedade de Revisores Oficiais de Contas\",\"publisher\":{\"@id\":\"https:\/\/oliveirarego.pt\/en\/#organization\"},\"potentialAction\":[{\"@type\":\"SearchAction\",\"target\":{\"@type\":\"EntryPoint\",\"urlTemplate\":\"https:\/\/oliveirarego.pt\/en\/?s={search_term_string}\"},\"query-input\":\"required name=search_term_string\"}],\"inLanguage\":\"en-US\"},{\"@type\":\"Organization\",\"@id\":\"https:\/\/oliveirarego.pt\/en\/#organization\",\"name\":\"Oliveira Rego &amp; Associados\",\"url\":\"https:\/\/oliveirarego.pt\/en\/\",\"sameAs\":[\"https:\/\/www.linkedin.com\/company\/ora---oliveira-rego-e-associados-sroc\/?originalSubdomain=pt\"],\"logo\":{\"@type\":\"ImageObject\",\"inLanguage\":\"en-US\",\"@id\":\"https:\/\/oliveirarego.pt\/en\/#\/schema\/logo\/image\/\",\"url\":\"https:\/\/oliveirarego.pt\/wp-content\/uploads\/2022\/07\/cropped-icon-site-ORA.png\",\"contentUrl\":\"https:\/\/oliveirarego.pt\/wp-content\/uploads\/2022\/07\/cropped-icon-site-ORA.png\",\"width\":512,\"height\":512,\"caption\":\"Oliveira Rego &amp; Associados\"},\"image\":{\"@id\":\"https:\/\/oliveirarego.pt\/en\/#\/schema\/logo\/image\/\"}}]}<\/script>\n<!-- \/ Yoast SEO plugin. -->","yoast_head_json":{"title":"Strategic Business Consulting - OR\u00b7A","description":"Strategic Business Consulting: Due Diligence I Avalia\u00e7\u00e3o de Empresas I Elabora\u00e7\u00e3o de Planos de Neg\u00f3cios I Business solutions","robots":{"index":"index","follow":"follow","max-snippet":"max-snippet:-1","max-image-preview":"max-image-preview:large","max-video-preview":"max-video-preview:-1"},"canonical":"https:\/\/oliveirarego.pt\/en\/services\/strategic-business-consulting\/","og_locale":"en_US","og_type":"article","og_title":"Strategic Business Consulting - OR\u00b7A","og_description":"Strategic Business Consulting: Due Diligence I Avalia\u00e7\u00e3o de Empresas I Elabora\u00e7\u00e3o de Planos de Neg\u00f3cios I Business solutions","og_url":"https:\/\/oliveirarego.pt\/en\/services\/strategic-business-consulting\/","og_site_name":"Oliveira Rego &amp; Associados","article_modified_time":"2022-09-23T09:48:18+00:00","twitter_card":"summary_large_image","twitter_misc":{"Est. reading time":"4 minutes"},"schema":{"@context":"https:\/\/schema.org","@graph":[{"@type":"WebPage","@id":"https:\/\/oliveirarego.pt\/en\/services\/strategic-business-consulting\/","url":"https:\/\/oliveirarego.pt\/en\/services\/strategic-business-consulting\/","name":"Strategic Business Consulting - OR\u00b7A","isPartOf":{"@id":"https:\/\/oliveirarego.pt\/en\/#website"},"datePublished":"2022-07-05T10:14:38+00:00","dateModified":"2022-09-23T09:48:18+00:00","description":"Strategic Business Consulting: Due Diligence I Avalia\u00e7\u00e3o de Empresas I Elabora\u00e7\u00e3o de Planos de Neg\u00f3cios I Business solutions","breadcrumb":{"@id":"https:\/\/oliveirarego.pt\/en\/services\/strategic-business-consulting\/#breadcrumb"},"inLanguage":"en-US","potentialAction":[{"@type":"ReadAction","target":["https:\/\/oliveirarego.pt\/en\/services\/strategic-business-consulting\/"]}]},{"@type":"BreadcrumbList","@id":"https:\/\/oliveirarego.pt\/en\/services\/strategic-business-consulting\/#breadcrumb","itemListElement":[{"@type":"ListItem","position":1,"name":"In\u00edcio","item":"https:\/\/oliveirarego.pt\/en\/"},{"@type":"ListItem","position":2,"name":"Services","item":"https:\/\/oliveirarego.pt\/en\/services\/"},{"@type":"ListItem","position":3,"name":"Strategic Business Consulting"}]},{"@type":"WebSite","@id":"https:\/\/oliveirarego.pt\/en\/#website","url":"https:\/\/oliveirarego.pt\/en\/","name":"Oliveira Rego &amp; Associados","description":"Sociedade de Revisores Oficiais de Contas","publisher":{"@id":"https:\/\/oliveirarego.pt\/en\/#organization"},"potentialAction":[{"@type":"SearchAction","target":{"@type":"EntryPoint","urlTemplate":"https:\/\/oliveirarego.pt\/en\/?s={search_term_string}"},"query-input":"required name=search_term_string"}],"inLanguage":"en-US"},{"@type":"Organization","@id":"https:\/\/oliveirarego.pt\/en\/#organization","name":"Oliveira Rego &amp; Associados","url":"https:\/\/oliveirarego.pt\/en\/","sameAs":["https:\/\/www.linkedin.com\/company\/ora---oliveira-rego-e-associados-sroc\/?originalSubdomain=pt"],"logo":{"@type":"ImageObject","inLanguage":"en-US","@id":"https:\/\/oliveirarego.pt\/en\/#\/schema\/logo\/image\/","url":"https:\/\/oliveirarego.pt\/wp-content\/uploads\/2022\/07\/cropped-icon-site-ORA.png","contentUrl":"https:\/\/oliveirarego.pt\/wp-content\/uploads\/2022\/07\/cropped-icon-site-ORA.png","width":512,"height":512,"caption":"Oliveira Rego &amp; Associados"},"image":{"@id":"https:\/\/oliveirarego.pt\/en\/#\/schema\/logo\/image\/"}}]}},"_links":{"self":[{"href":"https:\/\/oliveirarego.pt\/en\/wp-json\/wp\/v2\/pages\/8474"}],"collection":[{"href":"https:\/\/oliveirarego.pt\/en\/wp-json\/wp\/v2\/pages"}],"about":[{"href":"https:\/\/oliveirarego.pt\/en\/wp-json\/wp\/v2\/types\/page"}],"author":[{"embeddable":true,"href":"https:\/\/oliveirarego.pt\/en\/wp-json\/wp\/v2\/users\/1"}],"replies":[{"embeddable":true,"href":"https:\/\/oliveirarego.pt\/en\/wp-json\/wp\/v2\/comments?post=8474"}],"version-history":[{"count":13,"href":"https:\/\/oliveirarego.pt\/en\/wp-json\/wp\/v2\/pages\/8474\/revisions"}],"predecessor-version":[{"id":8609,"href":"https:\/\/oliveirarego.pt\/en\/wp-json\/wp\/v2\/pages\/8474\/revisions\/8609"}],"up":[{"embeddable":true,"href":"https:\/\/oliveirarego.pt\/en\/wp-json\/wp\/v2\/pages\/8431"}],"wp:attachment":[{"href":"https:\/\/oliveirarego.pt\/en\/wp-json\/wp\/v2\/media?parent=8474"}],"curies":[{"name":"wp","href":"https:\/\/api.w.org\/{rel}","templated":true}]}}